{"id":3787,"date":"2016-05-13T13:01:05","date_gmt":"2016-05-13T11:01:05","guid":{"rendered":"http:\/\/www.zm-invest.com.pl\/en\/?page_id=3787"},"modified":"2023-02-15T14:38:50","modified_gmt":"2023-02-15T13:38:50","slug":"awards-and-distinctions","status":"publish","type":"page","link":"https:\/\/invest-ref.com.pl\/en\/awards-and-distinctions\/","title":{"rendered":"Awards &amp; distinctions"},"content":{"rendered":"<div class=\"vc_row wpb_row vc_row-fluid\"><div class=\"container ts-custom-vc-row-container\">\r\n                    <div class=\"vc_row\">\n\t<div class=\"vc_col-sm-1 wpb_column vc_column_container \">\n\t\t<div class=\"wpb_wrapper\">\n\t\t\t\n\t\t<\/div> \n\t<\/div> \n\n\t<div class=\"vc_col-sm-10 wpb_column vc_column_container \">\n\t\t<div class=\"wpb_wrapper\">\n\t\t\t<div class=\"vc_empty_space\"  style=\"height: 50px\" ><span\n\t\tclass=\"vc_empty_space_inner\"><\/span><\/div>\n\n\t<div class=\"wpb_text_column wpb_content_element \">\n\t\t<div class=\"wpb_wrapper\">\n\t\t\t<p><img loading=\"lazy\" decoding=\"async\" class=\"size-medium wp-image-5546 alignleft\" src=\"http:\/\/www.zm-invest.com.pl\/wp-content\/uploads\/2022\/12\/Nagrody--300x224.jpg\" alt=\"\" width=\"300\" height=\"224\" srcset=\"https:\/\/invest-ref.com.pl\/wp-content\/uploads\/2022\/12\/Nagrody--300x224.jpg 300w, https:\/\/invest-ref.com.pl\/wp-content\/uploads\/2022\/12\/Nagrody-.jpg 448w\" sizes=\"auto, (max-width: 300px) 100vw, 300px\" \/><\/p>\n\n\t\t<\/div>\n\t<\/div>\n\n\t<div class=\"wpb_text_column wpb_content_element \">\n\t\t<div class=\"wpb_wrapper\">\n\t\t\t\n\t\t<\/div>\n\t<\/div>\n\n\t<div class=\"wpb_text_column wpb_content_element \">\n\t\t<div class=\"wpb_wrapper\">\n\t\t\t<p><strong>&#x2666; 2022<\/strong> \u2013 In the <strong>Z\u0142ota Setka<\/strong> (the Golden 100) ranking, which lists 100 biggest corporations in Podkarpackie, <strong>ZM INVEST Sp. z o.o. Sp. k.<\/strong> is <strong>75th<\/strong> (for sales revenue, employment level, and export sales value).<\/p>\n<p><strong>&#x2666; 2021<\/strong> \u2013 In the <strong>Z\u0142ota Setka<\/strong> (the Golden 100) ranking, which lists 100 biggest corporations in Podkarpackie, <strong>ZM INVEST Sp. z o.o. Sp. k.<\/strong> was <strong>45th<\/strong> (for sales revenue, employment level, and export sales value).<\/p>\n<p><strong>&#x2666; 2020<\/strong> \u2013 In the <strong>Z\u0142ota Setka<\/strong> (the Golden 100) ranking, which lists 100 biggest corporations in Podkarpackie, <strong>ZM INVEST Sp. z o.o. Sp. k.<\/strong> is <strong>63rd<\/strong> (for sales revenue, employment level, and export sales value).<\/p>\n<p><strong>&#x2666; 2019<\/strong> \u2013 In the <strong>Z\u0142ota Setka<\/strong> (the Golden 100) ranking, which lists 100 biggest corporations in Podkarpackie, <strong>ZM INVEST S.A<\/strong> is <strong>47th<\/strong> (for sales revenue, employment level, and export sales value).<\/p>\n<p><strong>&#x2666; 2018<\/strong> \u2013 An audit by TUV Rheinland attests compliance to ISO 9001:2015<\/p>\n<p><strong>&#x2666; 2018 \u2013 <\/strong>The Poland-wide \u201c<strong>Gazele Biznesu 2018<\/strong>\u201d ranking qualifies ZM Invest S.A. to be <strong>1284th<\/strong> on the <strong>national<\/strong> tier and <strong>39<\/strong>th <strong>in Podkarpackie Province<\/strong>.<\/p>\n<p>The 19th edition of \u201c<strong>Gazele Biznesu<\/strong>\u201d in 2018 distinguishes the fastest growing <strong>SMEs<\/strong>, with a total of <strong>4499<\/strong> businesses in the ranking. The qualification criteria include the business size measured with the revenue level and the growth dynamics for the last three years, from 2015 to 2017. The businesses to be qualified in the ranking needed to report sales revenue growth without a single loss year to year through the growth dynamics period of three years.<\/p>\n<p><strong>&#x2666; 2017 \u2013 <\/strong>ZM INVEST S.A. receives the Award from the Mayor and the Council Chair of Ropczyce for supporting civil society.<\/p>\n<p><strong>&#x2666; 2016 <\/strong>\u2013 <strong>Winner of<\/strong> Quality International 2016 and <strong>Z\u0142ote God\u0142o<\/strong> for <strong>QI Services<\/strong> \u2013 superior quality of service. End-to-end services in installation of thermal processing equipment.<\/p>\n<p><strong>&#x2666; 2016 \u2013 <\/strong>In the <strong> Z\u0142ota Setka<\/strong> (the Golden 100) ranking, ZM Invest S.A. is <strong>52th<\/strong> among the fastest-growing businesses in Podkarpackie Province, gauged by performance, dynamics of growth, revenue, export sales level, and employment level.<\/p>\n<p><strong>&#x2666; 2016 \u2013 <\/strong>Diploma of merit awarded by PKO Bank Polski to ZM Invest S.A. for proactive cooperation on products and transaction services.<\/p>\n<p><strong>&#x2666; 2015 \u2013 <\/strong>Mr. <strong>Leon Marciniec<\/strong>, President CEO of ZM Invest S.A. receives the distinction of The Patron of Culture in Ropczyce in recognition for the support of the J\u00f3zef Mehoffer Cultural Centre in Ropczyce.<\/p>\n<p style=\"text-align: justify;\"><strong>&#x2666; 2014<\/strong> \u2013 Winner of Podkarpacka Nagroda Gospodarcza 2014<\/p>\n<p style=\"text-align: justify;\"><strong>&#x2666; 2013 <\/strong>\u2013 Winner of the merit award from Stowarzyszenie In\u017cynier\u00f3w i Technik\u00f3w Przemys\u0142u Metali Nie\u017celaznych (Society for Non-Ferrous Metal Engineers and Specialists)<\/p>\n<p style=\"text-align: justify;\"><strong>&#x2666; 2013 <\/strong>\u2013 Winner of the Podkarpackie Province Reliable Business Award under the patronage of the Speaker of Podkarpackie Province<\/p>\n<p style=\"text-align: justify;\"><strong>&#x2666; 2013 <\/strong>\u2013 In the \u201c<strong>Z\u0142ota Setka<\/strong>\u201d (the Golden 100) ranking of largest businesses in Podkarpackie Province, ZM Invest S.A. is 38th for its financial results of all fastest-growing businesses in Podkarpackie. The ranking is under the patronage of Wy\u017csza Szko\u0142a Zarz\u0105dzania in Rzesz\u00f3w and the Gazeta Codzienna Nowiny daily newspaper.<\/p>\n<p style=\"text-align: justify;\"><strong>&#x2666; 2013<\/strong> \u2013 Winner of Podkarpacka Nagroda Gospodarcza 2013 in the <strong>Company of the Decade<\/strong> category.<\/p>\n<p style=\"text-align: justify;\"><strong>&#x2666; 2013<\/strong>\u2013 ZM Invest S.A. wins the Podkarpacka Nagroda Gospodarcza 2013 for its comprehensive ceramic material services in the application and installation of refractory ceramic materials (with design engineering, delivery, installation, operating monitoring, and lining overhaul) in the <strong>Best Service<\/strong> category.<\/p>\n<p style=\"text-align: justify;\"><strong>&#x2666; 2012<\/strong> \u2013 Diploma of merit awarded by the Polish Minister of Science and Higher Education for the project titled \u201cNovel Design of Reinforced, Large-Scale Components of an In-Situ Pillar in a Maerz Furnace\u201d, developed by Zbigniew Czapka (ZMR), Zbigniew W\u0142adys\u0142aw Cicho\u0144ski (ZM Invest S.A.), and Konrad Szeliga (ZM Invest S.A.), Warsaw, March 2012.<\/p>\n<p style=\"text-align: justify;\"><strong>&#x2666; 2012<\/strong> \u2013 The company enters the \u2018elite club\u2019 of Gazele Biznesu, which gathers the fastest-growing businesses (2012).<\/p>\n<p style=\"text-align: justify;\"><strong>&#x2666; 2010<\/strong> \u2013 <strong>\u201cZ\u0142oty Lider \u2013 Lider Wojew\u00f3dztwa Podkarpackiego\u201d <\/strong> (The Goldern Leader of Podkarpackie Province) \u2013 The \u201c<strong>Solidna Firma\u201d <\/strong>Awards recognise <strong>ZM Invest S.A.<\/strong> during the 7th edition of <strong>\u201cSolidna Firma Powiatu Ropczycko-S\u0119dziszowskiego\u201d<\/strong> in 2009<\/p>\n<p style=\"text-align: justify;\"><strong>&#x2666; 2010 <\/strong>\u2013 In the \u201c<strong>Z\u0142ota Setka<\/strong>\u201d (the Golden 100) ranking of largest businesses in Podkarpackie Province, ZM Invest S.A. is 34th for its financial results of all fastest-growing businesses in Podkarpackie. The ranking is under the patronage of Wy\u017csza Szko\u0142a Zarz\u0105dzania in Rzesz\u00f3w and the Gazeta Codzienna Nowiny daily newspaper.<\/p>\n<p style=\"text-align: justify;\"><strong>&#x2666; 2010<\/strong>\u2013 ZM Invest S.A. is awarded the \u201c<strong>Wiarygodna Firma Wojew\u00f3dztwa Podkarpackiego\u201d<\/strong> (Podkarpackie Province Reliable Business) Certificate for the year 2010.<\/p>\n<p style=\"text-align: justify;\"><strong>&#x2666; 2010<\/strong>\u2013 The \u201e<strong>Lista 2000 przedsi\u0119biorstw<\/strong>\u201d (The List of 2,000 Businesses) ranking organised by the Rzeczpospolita newspaper qualifies ZM Invest S.A. to be 723rd by its financial results on the national tier.<\/p>\n<p style=\"text-align: justify;\"><strong>&#x2666; 2011<\/strong>\u2013 The \u201c<strong>Solidna Firma\u201d <\/strong>Awards recognise <strong>ZM Invest S.A.<\/strong> during the 8th edition of <strong>\u201cSolidna Firma Powiatu Ropczycko-S\u0119dziszowskiego\u201d<\/strong> in 2010<\/p>\n<p style=\"text-align: justify;\"><strong>&#x2666; 2008 <\/strong>\u2013 On <strong>14 October 2008r<\/strong>, ZM Invest S.A. is recognised with the <strong>\u201cPodkarpacka Nagroda Gospodarcza 2008\u201d<\/strong> Award by merit of its dynamic growth, innovativeness, high quality of products and services, sustainable approach to the environment, and care for its personnel in the most prestigious category,<strong> The Five-Years Best Company.<\/strong><\/p>\n<p style=\"text-align: justify;\"><strong>&#x2666; 2008 <\/strong>\u2013 ZM Invest S.A. wins the distinction of <strong>\u201cJako\u015b\u0107 Roku 2008\u201d<\/strong> (The Quality of the Year) in a ranking managed by Polskie Centrum Bada\u0144 i Certyfikacji in cooperation with the Gazet\u0105 Prawn\u0105 newspaper for the <strong>Service<\/strong> category, which recognised the winner\u2019s services in refractory ceramic applications.<\/p>\n<p style=\"text-align: justify;\"><strong>&#x2666; 2008<\/strong>\u2013 In the 6th edition \u201c<strong>Solidna Firma Powiatu Ropczycko-S\u0119dziszowskiego<\/strong>\u201d Awards which recognise reliable businesses operating in Ropczycki-S\u0119dziszowski Poviat, Mr. <strong>Leon Marciniec<\/strong>, President CEO of ZM Invest S.A. is awarded the title of merit <strong>\u201cLaureat 5-lecia\u201d<\/strong> (The Five-Years Best Winner).<\/p>\n<p style=\"text-align: justify;\"><strong>&#x2666; 2008<\/strong> \u2013 In the year 2008, ZM Invest S.A. completes several projects, including its proprietary-design installation of two Maerz furnaces for lime baking in Finland and France. Two shaft furnaces were also installed in Russia.<\/p>\n<p style=\"text-align: justify;\"><strong>&#x2666; 2008 \u2013 <\/strong>Mr. <strong>Leon Marciniec<\/strong>, President CEO of ZM Invest S.A., receives a highly acclaimed distinction of \u201c<strong>Zas\u0142u\u017cony dla Powiatu Ropczycko-S\u0119dziszowskiego<\/strong>\u201d (Meritorious Achiever of Ropczycki-S\u0119dziszowski Poviat) in the <strong>\u201cEconomy\u201d<\/strong> category, in recognition of exceptional achievements and service, plus many years of activity for the benefit of the region.<\/p>\n<p style=\"text-align: justify;\"><strong>&#x2666; 2006 <\/strong>\u2013 The business of <strong>ZM Invest S.A<\/strong> is already highly acclaimed in its first years of operation, for its dynamic added value growth. The ranking organised by Puls Biznesu (December 2006) qualifies ZM Invest S.A. to be the 2nd best in Podkarpackie Province and the 14th best in Poland for the growth in the years 2003 to 2005.<\/p>\n<p><strong>&#x2666; 2004-2006<\/strong> \u2013 The Fair Play distinction of merit is awarded to ZM Invest S.A. for the years 2004, 2005, and 2006 in the national tier finals.<\/p>\n<p><strong>&#x2666; 2005-2007<\/strong>\u2013 ZM Invest S.A wins the \u201cSolidna Firma Powiatu Ropczycko-S\u0119dziszowskiego\u201d Awards for the years 2005, 2006, and 2007.<\/p>\n<p><strong>&#x2666; 2003-2005<\/strong> \u2013 ZM Invest S.A. wins the title of merit \u201cGazela Biznesu 2006\u201d awarded by Puls Biznesu to the fastest-growing businesses in Poland for the years 2003 to 2005, being ranked 16th on the national tier and 2nd in Podkarpackie Region.<\/p>\n<p><strong>&#x2666; 2003-2006<\/strong> \u2013 ZM Invest S.A. wins the title of merit \u201cDobra Firma Podkarpacka\u201d, ranked 3rd in Podkarpackie Province for the growth dynamics and performance in the years 2003 to 2006.<\/p>\n\n\t\t<\/div>\n\t<\/div>\n\n\t\t<\/div> \n\t<\/div> \n\n\t<div class=\"vc_col-sm-1 wpb_column vc_column_container \">\n\t\t<div class=\"wpb_wrapper\">\n\t\t\t<div class=\"wpb_gallery wpb_content_element vc_clearfix\"><div class=\"wpb_wrapper\"><div class=\"wpb_gallery_slides wpb_image_grid\" data-interval=\"3\"><ul class=\"wpb_image_grid_ul\"><li class=\"isotope-item\"><\/li><\/ul><\/div><\/div><\/div>\n\t\t<\/div> \n\t<\/div> \n<\/div>\r\n                <\/div><!-- \/.ts-custom-vc-row-container --><\/div><div class=\"vc_row wpb_row vc_row-fluid\"><div class=\"container ts-custom-vc-row-container\">\r\n                    <div class=\"vc_row\">\n\t<div class=\"vc_col-sm-12 wpb_column vc_column_container \">\n\t\t<div class=\"wpb_wrapper\">\n\t\t\t\n\t\t<\/div> \n\t<\/div> \n<\/div>\r\n                <\/div><!-- \/.ts-custom-vc-row-container --><\/div><div class=\"vc_row wpb_row vc_row-fluid\"><div class=\"container ts-custom-vc-row-container\">\r\n                    <div class=\"vc_row\">\n\t<div class=\"vc_col-sm-12 wpb_column vc_column_container \">\n\t\t<div class=\"wpb_wrapper\">\n\t\t\t\n\t\t<\/div> \n\t<\/div> \n<\/div>\r\n                <\/div><!-- \/.ts-custom-vc-row-container --><\/div>\n","protected":false},"excerpt":{"rendered":"&#x2666; 2022 \u2013 In the Z\u0142ota Setka (the Golden 100) ranking, which lists 100 biggest corporations in Podkarpackie, ZM INVEST Sp. z o.o. Sp. k. is 75th (for sales revenue, employment level, and export sales value). &#x2666; 2021 \u2013 In the Z\u0142ota Setka (the Golden 100) ranking, which lists 100 biggest corporations in Podkarpackie, ZM [...]","protected":false},"author":2,"featured_media":0,"parent":0,"menu_order":0,"comment_status":"open","ping_status":"open","template":"templates\/fullwidth-template.php","meta":{"footnotes":""},"class_list":["post-3787","page","type-page","status-publish","hentry"],"_links":{"self":[{"href":"https:\/\/invest-ref.com.pl\/en\/wp-json\/wp\/v2\/pages\/3787","targetHints":{"allow":["GET"]}}],"collection":[{"href":"https:\/\/invest-ref.com.pl\/en\/wp-json\/wp\/v2\/pages"}],"about":[{"href":"https:\/\/invest-ref.com.pl\/en\/wp-json\/wp\/v2\/types\/page"}],"author":[{"embeddable":true,"href":"https:\/\/invest-ref.com.pl\/en\/wp-json\/wp\/v2\/users\/2"}],"replies":[{"embeddable":true,"href":"https:\/\/invest-ref.com.pl\/en\/wp-json\/wp\/v2\/comments?post=3787"}],"version-history":[{"count":7,"href":"https:\/\/invest-ref.com.pl\/en\/wp-json\/wp\/v2\/pages\/3787\/revisions"}],"predecessor-version":[{"id":6299,"href":"https:\/\/invest-ref.com.pl\/en\/wp-json\/wp\/v2\/pages\/3787\/revisions\/6299"}],"wp:attachment":[{"href":"https:\/\/invest-ref.com.pl\/en\/wp-json\/wp\/v2\/media?parent=3787"}],"curies":[{"name":"wp","href":"https:\/\/api.w.org\/{rel}","templated":true}]}}